{"id":18,"date":"2025-04-23T12:49:58","date_gmt":"2025-04-23T15:49:58","guid":{"rendered":"http:\/\/marisarezende.com.br\/?page_id=18"},"modified":"2025-05-14T17:24:22","modified_gmt":"2025-05-14T20:24:22","slug":"sobre-mim","status":"publish","type":"page","link":"https:\/\/marisarezende.com.br\/?page_id=18","title":{"rendered":"Sobre mim"},"content":{"rendered":"\t\t<div data-elementor-type=\"wp-page\" data-elementor-id=\"18\" class=\"elementor elementor-18\">\n\t\t\t\t<div class=\"elementor-element elementor-element-98d1e82 e-flex e-con-boxed wpr-particle-no wpr-jarallax-no wpr-parallax-no wpr-sticky-section-no elementor-invisible e-con e-parent\" data-id=\"98d1e82\" data-element_type=\"container\" data-e-type=\"container\" data-settings=\"{&quot;animation&quot;:&quot;fadeInRight&quot;}\">\n\t\t\t\t\t<div class=\"e-con-inner\">\n\t\t\t\t<div class=\"elementor-element elementor-element-605457c elementor-widget__width-initial elementor-widget elementor-widget-image\" data-id=\"605457c\" data-element_type=\"widget\" data-e-type=\"widget\" data-widget_type=\"image.default\">\n\t\t\t\t<div class=\"elementor-widget-container\">\n\t\t\t\t\t\t\t\t\t\t\t\t\t\t\t<img fetchpriority=\"high\" decoding=\"async\" width=\"1920\" height=\"2560\" src=\"https:\/\/marisarezende.com.br\/wp-content\/uploads\/2025\/04\/IMG_1554-scaled.jpg\" class=\"attachment-full size-full wp-image-113\" alt=\"\" srcset=\"https:\/\/marisarezende.com.br\/wp-content\/uploads\/2025\/04\/IMG_1554-scaled.jpg 1920w, https:\/\/marisarezende.com.br\/wp-content\/uploads\/2025\/04\/IMG_1554-225x300.jpg 225w, https:\/\/marisarezende.com.br\/wp-content\/uploads\/2025\/04\/IMG_1554-768x1024.jpg 768w, https:\/\/marisarezende.com.br\/wp-content\/uploads\/2025\/04\/IMG_1554-1152x1536.jpg 1152w, https:\/\/marisarezende.com.br\/wp-content\/uploads\/2025\/04\/IMG_1554-1536x2048.jpg 1536w\" sizes=\"(max-width: 1920px) 100vw, 1920px\" \/>\t\t\t\t\t\t\t\t\t\t\t\t\t\t\t<\/div>\n\t\t\t\t<\/div>\n\t\t\t\t<div class=\"elementor-element elementor-element-4e6e585 elementor-widget elementor-widget-text-editor\" data-id=\"4e6e585\" data-element_type=\"widget\" data-e-type=\"widget\" data-widget_type=\"text-editor.default\">\n\t\t\t\t<div class=\"elementor-widget-container\">\n\t\t\t\t\t\t\t\t\t<p style=\"text-align: left;\">\u00a0\u00a0\u00a0\u00a0 \u00a0 \u00a0 Marisa Rezende nasceu no dia 21 de outubro de 1968, em Alegre \u2013 ES; hoje, reside em Natal \u2013 RN.\u00a0 P\u00f3s-graduada em L\u00edngua Portuguesa pela UFF e em\u00a0 Redes Locais. Presidente\u00a0 da Delega\u00e7\u00e3o Nacional e Internacional das Academias de Letras, M\u00fasica e Artes. Idealizadora de v\u00e1rios projetos bem-sucedidos na \u00e1rea liter\u00e1ria\u00a0 e\u00a0 no sistema de ensino ao longo de sua carreira no magist\u00e9rio; tendo sempre nas artes sua melhor express\u00e3o de mundo.\u00a0<\/p><p style=\"text-align: left;\">\u00a0\u00a0\u00a0\u00a0\u00a0\u00a0\u00a0\u00a0\u00a0 Romancista por paix\u00e3o. Ganhadora de v\u00e1rios pr\u00eamios liter\u00e1rios dentro e fora do pa\u00eds. Pertencente \u00e0 diversas Academias de Letras nacionais e internacionais, sendo a de Lisboa que mais lhe trouxe encantamento. Estudante de Direito. Eterna aprendiz e viajante pelo mundo.<\/p>\t\t\t\t\t\t\t\t<\/div>\n\t\t\t\t<\/div>\n\t\t\t\t\t<\/div>\n\t\t\t\t<\/div>\n\t\t<div class=\"elementor-element elementor-element-a9ab5b3 e-con-full e-flex wpr-particle-no wpr-jarallax-no wpr-parallax-no wpr-sticky-section-no elementor-invisible e-con e-parent\" data-id=\"a9ab5b3\" data-element_type=\"container\" data-e-type=\"container\" data-settings=\"{&quot;animation&quot;:&quot;fadeInLeft&quot;}\">\n\t\t\t\t<div class=\"elementor-element elementor-element-2f07bfe elementor-widget__width-initial elementor-widget-mobile__width-initial elementor-widget elementor-widget-heading\" data-id=\"2f07bfe\" data-element_type=\"widget\" data-e-type=\"widget\" data-widget_type=\"heading.default\">\n\t\t\t\t<div class=\"elementor-widget-container\">\n\t\t\t\t\t<h1 class=\"elementor-heading-title elementor-size-default\">\"E rumores sussuram que em breve, se todos entoarmos a can\u00e7\u00e3o, o flautista nos levar\u00e1 \u00e0 raz\u00e3o\".<\/h1>\t\t\t\t<\/div>\n\t\t\t\t<\/div>\n\t\t\t\t<\/div>\n\t\t<div class=\"elementor-element elementor-element-3614260 e-con-full e-flex wpr-particle-no wpr-jarallax-no wpr-parallax-no wpr-sticky-section-no e-con e-parent\" data-id=\"3614260\" data-element_type=\"container\" data-e-type=\"container\">\n\t\t\t\t<div class=\"elementor-element elementor-element-68611c5 elementor-widget elementor-widget-heading\" data-id=\"68611c5\" data-element_type=\"widget\" data-e-type=\"widget\" data-widget_type=\"heading.default\">\n\t\t\t\t<div class=\"elementor-widget-container\">\n\t\t\t\t\t<h2 class=\"elementor-heading-title elementor-size-default\">Stairway to heaven, Led Zeppelin<\/h2>\t\t\t\t<\/div>\n\t\t\t\t<\/div>\n\t\t\t\t<\/div>\n\t\t\t\t<\/div>\n\t\t","protected":false},"excerpt":{"rendered":"<p>\u00a0\u00a0\u00a0\u00a0 \u00a0 \u00a0 Marisa Rezende nasceu no dia 21 de outubro de 1968, em Alegre \u2013 ES; hoje, reside em Natal \u2013 RN.\u00a0 P\u00f3s-graduada em L\u00edngua Portuguesa pela UFF e em\u00a0 Redes Locais. Presidente\u00a0 da Delega\u00e7\u00e3o Nacional e Internacional das Academias de Letras, M\u00fasica e Artes. Idealizadora de v\u00e1rios projetos bem-sucedidos na \u00e1rea liter\u00e1ria\u00a0 e\u00a0 no sistema de ensino ao longo de sua carreira no magist\u00e9rio; tendo sempre nas artes sua melhor express\u00e3o de mundo.\u00a0 \u00a0\u00a0\u00a0\u00a0\u00a0\u00a0\u00a0\u00a0\u00a0 Romancista por paix\u00e3o. Ganhadora de v\u00e1rios pr\u00eamios liter\u00e1rios dentro e fora do pa\u00eds. Pertencente \u00e0 diversas Academias de Letras nacionais e internacionais, sendo a de Lisboa que mais lhe trouxe encantamento. Estudante de Direito. Eterna aprendiz e viajante pelo mundo. &#8220;E rumores sussuram que em breve, se todos entoarmos a can\u00e7\u00e3o, o flautista nos levar\u00e1 \u00e0 raz\u00e3o&#8221;. Stairway to heaven, Led Zeppelin<\/p>\n","protected":false},"author":2,"featured_media":0,"parent":0,"menu_order":0,"comment_status":"closed","ping_status":"closed","template":"","meta":{"footnotes":""},"class_list":["post-18","page","type-page","status-publish","hentry"],"_links":{"self":[{"href":"https:\/\/marisarezende.com.br\/index.php?rest_route=\/wp\/v2\/pages\/18","targetHints":{"allow":["GET"]}}],"collection":[{"href":"https:\/\/marisarezende.com.br\/index.php?rest_route=\/wp\/v2\/pages"}],"about":[{"href":"https:\/\/marisarezende.com.br\/index.php?rest_route=\/wp\/v2\/types\/page"}],"author":[{"embeddable":true,"href":"https:\/\/marisarezende.com.br\/index.php?rest_route=\/wp\/v2\/users\/2"}],"replies":[{"embeddable":true,"href":"https:\/\/marisarezende.com.br\/index.php?rest_route=%2Fwp%2Fv2%2Fcomments&post=18"}],"version-history":[{"count":57,"href":"https:\/\/marisarezende.com.br\/index.php?rest_route=\/wp\/v2\/pages\/18\/revisions"}],"predecessor-version":[{"id":807,"href":"https:\/\/marisarezende.com.br\/index.php?rest_route=\/wp\/v2\/pages\/18\/revisions\/807"}],"wp:attachment":[{"href":"https:\/\/marisarezende.com.br\/index.php?rest_route=%2Fwp%2Fv2%2Fmedia&parent=18"}],"curies":[{"name":"wp","href":"https:\/\/api.w.org\/{rel}","templated":true}]}}