{"id":20,"date":"2025-04-23T12:50:13","date_gmt":"2025-04-23T15:50:13","guid":{"rendered":"http:\/\/marisarezende.com.br\/?page_id=20"},"modified":"2025-05-06T09:22:11","modified_gmt":"2025-05-06T12:22:11","slug":"livros","status":"publish","type":"page","link":"https:\/\/marisarezende.com.br\/?page_id=20","title":{"rendered":"Livros"},"content":{"rendered":"\t\t<div data-elementor-type=\"wp-page\" data-elementor-id=\"20\" class=\"elementor elementor-20\">\n\t\t\t\t<div class=\"elementor-element elementor-element-40ac7a4 e-flex e-con-boxed wpr-particle-no wpr-jarallax-no wpr-parallax-no wpr-sticky-section-no e-con e-parent\" data-id=\"40ac7a4\" data-element_type=\"container\" data-e-type=\"container\">\n\t\t\t\t\t<div class=\"e-con-inner\">\n\t\t<div class=\"elementor-element elementor-element-81b4013 e-con-full e-flex wpr-particle-no wpr-jarallax-no wpr-parallax-no wpr-sticky-section-no e-con e-child\" data-id=\"81b4013\" data-element_type=\"container\" data-e-type=\"container\">\n\t\t\t\t<div class=\"elementor-element elementor-element-1c077d4 elementor-widget elementor-widget-heading\" data-id=\"1c077d4\" data-element_type=\"widget\" data-e-type=\"widget\" data-widget_type=\"heading.default\">\n\t\t\t\t<div class=\"elementor-widget-container\">\n\t\t\t\t\t<h2 class=\"elementor-heading-title elementor-size-default\">Do outro Lado do Muro<\/h2>\t\t\t\t<\/div>\n\t\t\t\t<\/div>\n\t\t\t\t<div class=\"elementor-element elementor-element-8b44880 elementor-widget elementor-widget-image\" data-id=\"8b44880\" data-element_type=\"widget\" data-e-type=\"widget\" data-widget_type=\"image.default\">\n\t\t\t\t<div class=\"elementor-widget-container\">\n\t\t\t\t\t\t\t\t\t\t\t\t\t\t\t<img fetchpriority=\"high\" decoding=\"async\" width=\"690\" height=\"1024\" src=\"https:\/\/marisarezende.com.br\/wp-content\/uploads\/2025\/05\/Capa-Kindle-com-logo-690x1024.jpg\" class=\"attachment-large size-large wp-image-539\" alt=\"\" srcset=\"https:\/\/marisarezende.com.br\/wp-content\/uploads\/2025\/05\/Capa-Kindle-com-logo-690x1024.jpg 690w, https:\/\/marisarezende.com.br\/wp-content\/uploads\/2025\/05\/Capa-Kindle-com-logo-202x300.jpg 202w, https:\/\/marisarezende.com.br\/wp-content\/uploads\/2025\/05\/Capa-Kindle-com-logo-768x1140.jpg 768w, https:\/\/marisarezende.com.br\/wp-content\/uploads\/2025\/05\/Capa-Kindle-com-logo-1035x1536.jpg 1035w, https:\/\/marisarezende.com.br\/wp-content\/uploads\/2025\/05\/Capa-Kindle-com-logo-1380x2048.jpg 1380w, https:\/\/marisarezende.com.br\/wp-content\/uploads\/2025\/05\/Capa-Kindle-com-logo-scaled.jpg 1725w\" sizes=\"(max-width: 690px) 100vw, 690px\" \/>\t\t\t\t\t\t\t\t\t\t\t\t\t\t\t<\/div>\n\t\t\t\t<\/div>\n\t\t\t\t<\/div>\n\t\t<div class=\"elementor-element elementor-element-bddd906 e-con-full e-flex wpr-particle-no wpr-jarallax-no wpr-parallax-no wpr-sticky-section-no e-con e-child\" data-id=\"bddd906\" data-element_type=\"container\" data-e-type=\"container\">\n\t\t\t\t<div class=\"elementor-element elementor-element-99e3356 elementor-widget elementor-widget-text-editor\" data-id=\"99e3356\" data-element_type=\"widget\" data-e-type=\"widget\" data-widget_type=\"text-editor.default\">\n\t\t\t\t<div class=\"elementor-widget-container\">\n\t\t\t\t\t\t\t\t\t<div id=\"bookDescription_feature_div\" class=\"celwidget\" data-feature-name=\"bookDescription\" data-csa-c-type=\"widget\" data-csa-c-content-id=\"bookDescription\" data-csa-c-slot-id=\"bookDescription_feature_div\" data-csa-c-asin=\"\" data-csa-c-is-in-initial-active-row=\"false\" data-csa-c-id=\"shipeq-1clmij-n1kble-iubje2\" data-cel-widget=\"bookDescription_feature_div\"><div class=\"a-expander-collapsed-height a-row a-expander-container a-spacing-base a-expander-partial-collapse-container\" data-a-expander-name=\"book_description_expander\" data-a-expander-collapsed-height=\"280\"><div class=\"a-expander-content a-expander-partial-collapse-content\" data-expanded=\"false\"><span style=\"color: #000000;\">\u00c9 poss\u00edvel ao amor humano transcender \u00e0 esfera f\u00edsica, tornar-se et\u00e9reo e o tempo linear? De um lado, tem-se Alyna, menina humilde tocada pela genialidade musical que cria seu universo num piano imagin\u00e1rio; de outro, Chris, adolescente alem\u00e3o igualmente sens\u00edvel, por\u00e9m, de fam\u00edlia poderosa. Vidas que se cruzam indo al\u00e9m do previs\u00edvel e criando atrav\u00e9s da pr\u00f3pria hist\u00f3ria de amor outra de amizade incomum entre jovens de nacionalidades distintas numa casa de veraneio \u00e0 beira mar. Anos 1980 na praia de Ita\u00fana, tempo de f\u00e9rias e feriados inesquec\u00edveis: sol, surf, cumplicidade, luaus, rock, namoro, sexo e romantismo. Ent\u00e3o, a magia que os une experimenta o caos: revela\u00e7\u00f5es, proibi\u00e7\u00f5es, trag\u00e9dia. Experi\u00eancias espirituais \u2013 ou devaneios? O que deveria ser para sempre tem um fim, mas n\u00e3o termina&#8230; A enigm\u00e1tica Alyna refugia-se em Londres e quando retorna ao Brasil \u00e9 obrigada a enfrentar o passado; e, enquanto seus mist\u00e9rios s\u00e3o desvendados, descortinam-se outros tantos que nem supunha existir.<\/span><\/div><\/div><\/div><pre id=\"hushpuppyUpsell_feature_div\" class=\"celwidget\" data-feature-name=\"hushpuppyUpsell\" data-csa-c-type=\"widget\" data-csa-c-content-id=\"hushpuppyUpsell\" data-csa-c-slot-id=\"hushpuppyUpsell_feature_div\" data-csa-c-is-in-initial-active-row=\"false\" data-csa-c-id=\"qteqpi-ohaquh-r6jagz-5tzifh\" data-cel-widget=\"hushpuppyUpsell_feature_div\">\u00a0<\/pre><div id=\"richProductInformation_feature_div\" class=\"celwidget\" data-feature-name=\"richProductInformation\" data-csa-c-type=\"widget\" data-csa-c-content-id=\"richProductInformation\" data-csa-c-slot-id=\"richProductInformation_feature_div\" data-csa-c-asin=\"\" data-csa-c-is-in-initial-active-row=\"false\" data-csa-c-id=\"tnet0u-aynm7r-b8hitg-io3tjm\" data-cel-widget=\"richProductInformation_feature_div\"><div id=\"rich_product_information\" class=\"a-section a-spacing-none celwidget\" data-csa-c-id=\"arz0tf-3h1oc7-b159kg-4cp31g\" data-cel-widget=\"rich_product_information\"><hr class=\"a-spacing-none a-divider-normal\" aria-hidden=\"true\" \/><\/div><\/div>\t\t\t\t\t\t\t\t<\/div>\n\t\t\t\t<\/div>\n\t\t\t\t<div class=\"elementor-element elementor-element-69a4465 elementor-widget-divider--view-line elementor-widget elementor-widget-divider\" data-id=\"69a4465\" data-element_type=\"widget\" data-e-type=\"widget\" data-widget_type=\"divider.default\">\n\t\t\t\t<div class=\"elementor-widget-container\">\n\t\t\t\t\t\t\t<div class=\"elementor-divider\">\n\t\t\t<span class=\"elementor-divider-separator\">\n\t\t\t\t\t\t<\/span>\n\t\t<\/div>\n\t\t\t\t\t\t<\/div>\n\t\t\t\t<\/div>\n\t\t\t\t<\/div>\n\t\t<div class=\"elementor-element elementor-element-0f5c6e9 e-con-full e-flex wpr-particle-no wpr-jarallax-no wpr-parallax-no wpr-sticky-section-no e-con e-child\" data-id=\"0f5c6e9\" data-element_type=\"container\" data-e-type=\"container\">\n\t\t\t\t<div class=\"elementor-element elementor-element-919bfc3 elementor-widget elementor-widget-text-editor\" data-id=\"919bfc3\" data-element_type=\"widget\" data-e-type=\"widget\" data-widget_type=\"text-editor.default\">\n\t\t\t\t<div class=\"elementor-widget-container\">\n\t\t\t\t\t\t\t\t\t<h5 style=\"text-align: center;\"><span style=\"color: #000000;\">Detalhes:<\/span><\/h5><div id=\"detailBullets_feature_div\"><ul class=\"a-unordered-list a-nostyle a-vertical a-spacing-none detail-bullet-list\"><li><span class=\"a-list-item\" style=\"color: #000000;\"> <span class=\"a-text-bold\">N\u00famero de p\u00e1ginas: 354<\/span><\/span><\/li><li><span class=\"a-list-item\" style=\"color: #000000;\"> <span class=\"a-text-bold\">Data de publica\u00e7\u00e3o: 13 de setembro de 2024<\/span><\/span><\/li><li><span class=\"a-list-item\" style=\"color: #000000;\"> <span class=\"a-text-bold\">Idade leitura: 13 aos 18 anos<\/span><\/span><\/li><\/ul><\/div>\t\t\t\t\t\t\t\t<\/div>\n\t\t\t\t<\/div>\n\t\t\t\t<div class=\"elementor-element elementor-element-f46d405 e-transform elementor-align-left elementor-widget elementor-widget-button\" data-id=\"f46d405\" data-element_type=\"widget\" data-e-type=\"widget\" data-settings=\"{&quot;_transform_translateX_effect_hover_tablet&quot;:{&quot;unit&quot;:&quot;px&quot;,&quot;size&quot;:0,&quot;sizes&quot;:[]},&quot;_transform_translateY_effect_hover_tablet&quot;:{&quot;unit&quot;:&quot;px&quot;,&quot;size&quot;:0,&quot;sizes&quot;:[]},&quot;_transform_translateX_effect_hover&quot;:{&quot;unit&quot;:&quot;px&quot;,&quot;size&quot;:&quot;&quot;,&quot;sizes&quot;:[]},&quot;_transform_translateX_effect_hover_mobile&quot;:{&quot;unit&quot;:&quot;px&quot;,&quot;size&quot;:&quot;&quot;,&quot;sizes&quot;:[]},&quot;_transform_translateY_effect_hover&quot;:{&quot;unit&quot;:&quot;px&quot;,&quot;size&quot;:&quot;&quot;,&quot;sizes&quot;:[]},&quot;_transform_translateY_effect_hover_mobile&quot;:{&quot;unit&quot;:&quot;px&quot;,&quot;size&quot;:&quot;&quot;,&quot;sizes&quot;:[]}}\" data-widget_type=\"button.default\">\n\t\t\t\t<div class=\"elementor-widget-container\">\n\t\t\t\t\t\t\t\t\t<div class=\"elementor-button-wrapper\">\n\t\t\t\t\t<a class=\"elementor-button elementor-button-link elementor-size-sm elementor-animation-grow\" href=\"https:\/\/www.amazon.com.br\/dp\/B0DH2R19RJ\" target=\"_blank\">\n\t\t\t\t\t\t<span class=\"elementor-button-content-wrapper\">\n\t\t\t\t\t\t\t\t\t<span class=\"elementor-button-text\">Adquira aqui<\/span>\n\t\t\t\t\t<\/span>\n\t\t\t\t\t<\/a>\n\t\t\t\t<\/div>\n\t\t\t\t\t\t\t\t<\/div>\n\t\t\t\t<\/div>\n\t\t\t\t<\/div>\n\t\t\t\t\t<\/div>\n\t\t\t\t<\/div>\n\t\t<div class=\"elementor-element elementor-element-4d45c40 e-flex e-con-boxed wpr-particle-no wpr-jarallax-no wpr-parallax-no wpr-sticky-section-no e-con e-parent\" data-id=\"4d45c40\" data-element_type=\"container\" data-e-type=\"container\">\n\t\t\t\t\t<div class=\"e-con-inner\">\n\t\t<div class=\"elementor-element elementor-element-a99f78c e-con-full e-flex wpr-particle-no wpr-jarallax-no wpr-parallax-no wpr-sticky-section-no e-con e-child\" data-id=\"a99f78c\" data-element_type=\"container\" data-e-type=\"container\">\n\t\t\t\t<div class=\"elementor-element elementor-element-638140e elementor-widget elementor-widget-heading\" data-id=\"638140e\" data-element_type=\"widget\" data-e-type=\"widget\" data-widget_type=\"heading.default\">\n\t\t\t\t<div class=\"elementor-widget-container\">\n\t\t\t\t\t<h2 class=\"elementor-heading-title elementor-size-default\">N\u00e3o feche os olhos<\/h2>\t\t\t\t<\/div>\n\t\t\t\t<\/div>\n\t\t\t\t<div class=\"elementor-element elementor-element-17b004c elementor-widget elementor-widget-image\" data-id=\"17b004c\" data-element_type=\"widget\" data-e-type=\"widget\" data-widget_type=\"image.default\">\n\t\t\t\t<div class=\"elementor-widget-container\">\n\t\t\t\t\t\t\t\t\t\t\t\t\t\t\t<img decoding=\"async\" width=\"604\" height=\"870\" src=\"https:\/\/marisarezende.com.br\/wp-content\/uploads\/2025\/05\/Capa-refeita.jpg\" class=\"attachment-large size-large wp-image-540\" alt=\"\" srcset=\"https:\/\/marisarezende.com.br\/wp-content\/uploads\/2025\/05\/Capa-refeita.jpg 604w, https:\/\/marisarezende.com.br\/wp-content\/uploads\/2025\/05\/Capa-refeita-208x300.jpg 208w\" sizes=\"(max-width: 604px) 100vw, 604px\" \/>\t\t\t\t\t\t\t\t\t\t\t\t\t\t\t<\/div>\n\t\t\t\t<\/div>\n\t\t\t\t<\/div>\n\t\t<div class=\"elementor-element elementor-element-118fbf9 e-con-full e-flex wpr-particle-no wpr-jarallax-no wpr-parallax-no wpr-sticky-section-no e-con e-child\" data-id=\"118fbf9\" data-element_type=\"container\" data-e-type=\"container\">\n\t\t\t\t<div class=\"elementor-element elementor-element-3137856 elementor-widget elementor-widget-text-editor\" data-id=\"3137856\" data-element_type=\"widget\" data-e-type=\"widget\" data-widget_type=\"text-editor.default\">\n\t\t\t\t<div class=\"elementor-widget-container\">\n\t\t\t\t\t\t\t\t\t<div id=\"bookDescription_feature_div\" class=\"celwidget\" data-feature-name=\"bookDescription\" data-csa-c-type=\"widget\" data-csa-c-content-id=\"bookDescription\" data-csa-c-slot-id=\"bookDescription_feature_div\" data-csa-c-asin=\"\" data-csa-c-is-in-initial-active-row=\"false\" data-csa-c-id=\"shipeq-1clmij-n1kble-iubje2\" data-cel-widget=\"bookDescription_feature_div\"><div class=\"a-expander-collapsed-height a-row a-expander-container a-spacing-base a-expander-partial-collapse-container\" data-a-expander-name=\"book_description_expander\" data-a-expander-collapsed-height=\"280\"><div class=\"a-expander-content a-expander-partial-collapse-content\" data-expanded=\"false\"><div id=\"bookDescription_feature_div\" class=\"celwidget\" data-feature-name=\"bookDescription\" data-csa-c-type=\"widget\" data-csa-c-content-id=\"bookDescription\" data-csa-c-slot-id=\"bookDescription_feature_div\" data-csa-c-asin=\"\" data-csa-c-is-in-initial-active-row=\"false\" data-csa-c-id=\"nqs8gw-2y9sbp-mo3s4w-vi13qi\" data-cel-widget=\"bookDescription_feature_div\"><div class=\"a-expander-collapsed-height a-row a-expander-container a-spacing-base a-expander-partial-collapse-container\" data-a-expander-name=\"book_description_expander\" data-a-expander-collapsed-height=\"280\"><div class=\"a-expander-content a-expander-partial-collapse-content\" data-expanded=\"false\"><blockquote><h6><span style=\"color: #000000;\"><strong><em><span class=\"a-text-bold\">\u201c&#8230; entre um abrir e fechar de olhos, o mundo se recria e coisa alguma \u00e9 o que parece ser&#8230;\u201d<\/span><\/em><\/strong><\/span><\/h6><\/blockquote><p><span style=\"color: #000000;\">Vini tem 15 anos, sobrevive a um terr\u00edvel acidente e fica em coma. Ao despertar sem mem\u00f3ria, n\u00e3o se reconhece nas hist\u00f3rias que ouve sobre si mesma, por isso pede a todos que n\u00e3o contem mais coisa alguma. Prefere continuar no vazio e recome\u00e7ar sua vida, criando novas mem\u00f3rias, ao inv\u00e9s de se conhecer atrav\u00e9s da vis\u00e3o alheia. Ent\u00e3o, vai para Saquarema onde tudo aconteceu. No entanto, come\u00e7a a vivenciar estranhos fen\u00f4menos que se misturam \u00e0 realidade, levando-a a questionar se est\u00e1 realmente viva. Sente-se atra\u00edda por um trecho deserto da praia, como se um \u00edm\u00e3 a puxasse para l\u00e1, local onde conhece um jovem que muda seu olhar em rela\u00e7\u00e3o \u00e0 vida; mas, percebe-se envolta em mist\u00e9rios que v\u00e3o se descortinando aos seus olhos&#8230; Assim, experimentando grandes emo\u00e7\u00f5es, terr\u00edveis verdades de sua exist\u00eancia v\u00eam \u00e0 tona; enquanto os eventos fluem al\u00e9m de sua compreens\u00e3o, ela se v\u00ea perdida num labirinto do tempo dentro do qual passado, presente e futuro confundem-se na dimens\u00e3o do desejo de recriar a pr\u00f3pria vida.<\/span><\/p><\/div><\/div><\/div><div id=\"hushpuppyUpsell_feature_div\" class=\"celwidget\" data-feature-name=\"hushpuppyUpsell\" data-csa-c-type=\"widget\" data-csa-c-content-id=\"hushpuppyUpsell\" data-csa-c-slot-id=\"hushpuppyUpsell_feature_div\" data-csa-c-asin=\"\" data-csa-c-is-in-initial-active-row=\"false\" data-csa-c-id=\"fd3c1n-j96mm1-pcxzjt-tyveyh\" data-cel-widget=\"hushpuppyUpsell_feature_div\">\u00a0<\/div><div id=\"richProductInformation_feature_div\" class=\"celwidget\" data-feature-name=\"richProductInformation\" data-csa-c-type=\"widget\" data-csa-c-content-id=\"richProductInformation\" data-csa-c-slot-id=\"richProductInformation_feature_div\" data-csa-c-asin=\"\" data-csa-c-is-in-initial-active-row=\"false\" data-csa-c-id=\"nuson1-8142ls-mijcyn-s3w5tm\" data-cel-widget=\"richProductInformation_feature_div\"><div id=\"rich_product_information\" class=\"a-section a-spacing-none celwidget\" data-csa-c-id=\"s2shdh-lf0u6h-s5xquf-vaqdft\" data-cel-widget=\"rich_product_information\"><hr class=\"a-spacing-none a-divider-normal\" aria-hidden=\"true\" \/><\/div><\/div><hr class=\"a-spacing-none a-divider-normal\" aria-hidden=\"true\" \/><\/div><\/div><\/div><pre id=\"hushpuppyUpsell_feature_div\" class=\"celwidget\" data-feature-name=\"hushpuppyUpsell\" data-csa-c-type=\"widget\" data-csa-c-content-id=\"hushpuppyUpsell\" data-csa-c-slot-id=\"hushpuppyUpsell_feature_div\" data-csa-c-is-in-initial-active-row=\"false\" data-csa-c-id=\"qteqpi-ohaquh-r6jagz-5tzifh\" data-cel-widget=\"hushpuppyUpsell_feature_div\">\u00a0<\/pre><div id=\"richProductInformation_feature_div\" class=\"celwidget\" data-feature-name=\"richProductInformation\" data-csa-c-type=\"widget\" data-csa-c-content-id=\"richProductInformation\" data-csa-c-slot-id=\"richProductInformation_feature_div\" data-csa-c-asin=\"\" data-csa-c-is-in-initial-active-row=\"false\" data-csa-c-id=\"tnet0u-aynm7r-b8hitg-io3tjm\" data-cel-widget=\"richProductInformation_feature_div\"><div id=\"rich_product_information\" class=\"a-section a-spacing-none celwidget\" data-csa-c-id=\"arz0tf-3h1oc7-b159kg-4cp31g\" data-cel-widget=\"rich_product_information\"><hr class=\"a-spacing-none a-divider-normal\" aria-hidden=\"true\" \/><\/div><\/div>\t\t\t\t\t\t\t\t<\/div>\n\t\t\t\t<\/div>\n\t\t\t\t<\/div>\n\t\t<div class=\"elementor-element elementor-element-b598008 e-con-full e-flex wpr-particle-no wpr-jarallax-no wpr-parallax-no wpr-sticky-section-no e-con e-child\" data-id=\"b598008\" data-element_type=\"container\" data-e-type=\"container\">\n\t\t\t\t<div class=\"elementor-element elementor-element-07fe5e5 elementor-widget elementor-widget-text-editor\" data-id=\"07fe5e5\" data-element_type=\"widget\" data-e-type=\"widget\" data-widget_type=\"text-editor.default\">\n\t\t\t\t<div class=\"elementor-widget-container\">\n\t\t\t\t\t\t\t\t\t<h5 style=\"text-align: center;\"><span style=\"color: #000000;\">Detalhes:<\/span><\/h5><div id=\"detailBullets_feature_div\"><ul class=\"a-unordered-list a-nostyle a-vertical a-spacing-none detail-bullet-list\"><li><span class=\"a-list-item\" style=\"color: #000000;\"> <span class=\"a-text-bold\">N\u00famero de p\u00e1ginas: 398<\/span><\/span><\/li><li><span class=\"a-list-item\" style=\"color: #000000;\"> <span class=\"a-text-bold\">Data de publica\u00e7\u00e3o: 19 de mar\u00e7o de 2025<\/span><\/span><\/li><li><span class=\"a-list-item\" style=\"color: #000000;\"> <span class=\"a-text-bold\">Idade leitura: 13 aos 18 anos<\/span><\/span><\/li><\/ul><\/div>\t\t\t\t\t\t\t\t<\/div>\n\t\t\t\t<\/div>\n\t\t\t\t<div class=\"elementor-element elementor-element-2237167 e-transform elementor-align-left elementor-widget elementor-widget-button\" data-id=\"2237167\" data-element_type=\"widget\" data-e-type=\"widget\" data-settings=\"{&quot;_transform_translateX_effect_hover_tablet&quot;:{&quot;unit&quot;:&quot;px&quot;,&quot;size&quot;:0,&quot;sizes&quot;:[]},&quot;_transform_translateY_effect_hover_tablet&quot;:{&quot;unit&quot;:&quot;px&quot;,&quot;size&quot;:0,&quot;sizes&quot;:[]},&quot;_transform_translateX_effect_hover&quot;:{&quot;unit&quot;:&quot;px&quot;,&quot;size&quot;:&quot;&quot;,&quot;sizes&quot;:[]},&quot;_transform_translateX_effect_hover_mobile&quot;:{&quot;unit&quot;:&quot;px&quot;,&quot;size&quot;:&quot;&quot;,&quot;sizes&quot;:[]},&quot;_transform_translateY_effect_hover&quot;:{&quot;unit&quot;:&quot;px&quot;,&quot;size&quot;:&quot;&quot;,&quot;sizes&quot;:[]},&quot;_transform_translateY_effect_hover_mobile&quot;:{&quot;unit&quot;:&quot;px&quot;,&quot;size&quot;:&quot;&quot;,&quot;sizes&quot;:[]}}\" data-widget_type=\"button.default\">\n\t\t\t\t<div class=\"elementor-widget-container\">\n\t\t\t\t\t\t\t\t\t<div class=\"elementor-button-wrapper\">\n\t\t\t\t\t<a class=\"elementor-button elementor-button-link elementor-size-sm elementor-animation-grow\" href=\"https:\/\/www.amazon.com.br\/dp\/B0F1ZQCWH8\" target=\"_blank\">\n\t\t\t\t\t\t<span class=\"elementor-button-content-wrapper\">\n\t\t\t\t\t\t\t\t\t<span class=\"elementor-button-text\">Adquira aqui<\/span>\n\t\t\t\t\t<\/span>\n\t\t\t\t\t<\/a>\n\t\t\t\t<\/div>\n\t\t\t\t\t\t\t\t<\/div>\n\t\t\t\t<\/div>\n\t\t\t\t<\/div>\n\t\t\t\t\t<\/div>\n\t\t\t\t<\/div>\n\t\t\t\t<\/div>\n\t\t","protected":false},"excerpt":{"rendered":"<p>Do outro Lado do Muro \u00c9 poss\u00edvel ao amor humano transcender \u00e0 esfera f\u00edsica, tornar-se et\u00e9reo e o tempo linear? De um lado, tem-se Alyna, menina humilde tocada pela genialidade musical que cria seu universo num piano imagin\u00e1rio; de outro, Chris, adolescente alem\u00e3o igualmente sens\u00edvel, por\u00e9m, de fam\u00edlia poderosa. Vidas que se cruzam indo al\u00e9m do previs\u00edvel e criando atrav\u00e9s da pr\u00f3pria hist\u00f3ria de amor outra de amizade incomum entre jovens de nacionalidades distintas numa casa de veraneio \u00e0 beira mar. Anos 1980 na praia de Ita\u00fana, tempo de f\u00e9rias e feriados inesquec\u00edveis: sol, surf, cumplicidade, luaus, rock, namoro, sexo e romantismo. Ent\u00e3o, a magia que os une experimenta o caos: revela\u00e7\u00f5es, proibi\u00e7\u00f5es, trag\u00e9dia. Experi\u00eancias espirituais \u2013 ou devaneios? O que deveria ser para sempre tem um fim, mas n\u00e3o termina&#8230; A enigm\u00e1tica Alyna refugia-se em Londres e quando retorna ao Brasil \u00e9 obrigada a enfrentar o passado; e, enquanto seus mist\u00e9rios s\u00e3o desvendados, descortinam-se outros tantos que nem supunha existir. \u00a0 Detalhes: N\u00famero de p\u00e1ginas: 354 Data de publica\u00e7\u00e3o: 13 de setembro de 2024 Idade leitura: 13 aos 18 anos Adquira aqui N\u00e3o feche os olhos \u201c&#8230; entre um abrir e fechar de olhos, o mundo se recria e coisa alguma \u00e9 o que parece ser&#8230;\u201d Vini tem 15 anos, sobrevive a um terr\u00edvel acidente e fica em coma. Ao despertar sem mem\u00f3ria, n\u00e3o se reconhece nas hist\u00f3rias que ouve sobre si mesma, por isso pede a todos que n\u00e3o contem mais coisa alguma. Prefere continuar no vazio e recome\u00e7ar sua vida, criando novas mem\u00f3rias, ao inv\u00e9s de se conhecer atrav\u00e9s da vis\u00e3o alheia. Ent\u00e3o, vai para Saquarema onde tudo aconteceu. No entanto, come\u00e7a a vivenciar estranhos fen\u00f4menos que se misturam \u00e0 realidade, levando-a a questionar se est\u00e1 realmente viva. Sente-se atra\u00edda por um trecho deserto da praia, como se um \u00edm\u00e3 a puxasse para l\u00e1, local onde conhece um jovem que muda seu olhar em rela\u00e7\u00e3o \u00e0 vida; mas, percebe-se envolta em mist\u00e9rios que v\u00e3o se descortinando aos seus olhos&#8230; Assim, experimentando grandes emo\u00e7\u00f5es, terr\u00edveis verdades de sua exist\u00eancia v\u00eam \u00e0 tona; enquanto os eventos fluem al\u00e9m de sua compreens\u00e3o, ela se v\u00ea perdida num labirinto do tempo dentro do qual passado, presente e futuro confundem-se na dimens\u00e3o do desejo de recriar a pr\u00f3pria vida. \u00a0 \u00a0 Detalhes: N\u00famero de p\u00e1ginas: 398 Data de publica\u00e7\u00e3o: 19 de mar\u00e7o de 2025 Idade leitura: 13 aos 18 anos Adquira aqui<\/p>\n","protected":false},"author":2,"featured_media":0,"parent":0,"menu_order":0,"comment_status":"closed","ping_status":"closed","template":"elementor_header_footer","meta":{"footnotes":""},"class_list":["post-20","page","type-page","status-publish","hentry"],"_links":{"self":[{"href":"https:\/\/marisarezende.com.br\/index.php?rest_route=\/wp\/v2\/pages\/20","targetHints":{"allow":["GET"]}}],"collection":[{"href":"https:\/\/marisarezende.com.br\/index.php?rest_route=\/wp\/v2\/pages"}],"about":[{"href":"https:\/\/marisarezende.com.br\/index.php?rest_route=\/wp\/v2\/types\/page"}],"author":[{"embeddable":true,"href":"https:\/\/marisarezende.com.br\/index.php?rest_route=\/wp\/v2\/users\/2"}],"replies":[{"embeddable":true,"href":"https:\/\/marisarezende.com.br\/index.php?rest_route=%2Fwp%2Fv2%2Fcomments&post=20"}],"version-history":[{"count":119,"href":"https:\/\/marisarezende.com.br\/index.php?rest_route=\/wp\/v2\/pages\/20\/revisions"}],"predecessor-version":[{"id":766,"href":"https:\/\/marisarezende.com.br\/index.php?rest_route=\/wp\/v2\/pages\/20\/revisions\/766"}],"wp:attachment":[{"href":"https:\/\/marisarezende.com.br\/index.php?rest_route=%2Fwp%2Fv2%2Fmedia&parent=20"}],"curies":[{"name":"wp","href":"https:\/\/api.w.org\/{rel}","templated":true}]}}